{"id":2406,"date":"2022-03-07T13:19:05","date_gmt":"2022-03-07T13:19:05","guid":{"rendered":"https:\/\/eacademix.wpcolorlab.com\/?page_id=2406"},"modified":"2023-02-17T12:19:24","modified_gmt":"2023-02-17T11:19:24","slug":"books","status":"publish","type":"page","link":"https:\/\/repdem.org\/index.php\/books\/","title":{"rendered":"Books"},"content":{"rendered":"\t\t<div data-elementor-type=\"wp-page\" data-elementor-id=\"2406\" class=\"elementor elementor-2406\">\n\t\t\t\t\t\t<section class=\"elementor-section elementor-top-section elementor-element elementor-element-5e3ce0b elementor-section-boxed elementor-section-height-default elementor-section-height-default\" data-id=\"5e3ce0b\" data-element_type=\"section\" data-e-type=\"section\">\n\t\t\t\t\t\t<div class=\"elementor-container elementor-column-gap-default\">\n\t\t\t\t\t<div class=\"elementor-column elementor-col-100 elementor-top-column elementor-element elementor-element-a83dc3a\" data-id=\"a83dc3a\" data-element_type=\"column\" data-e-type=\"column\">\n\t\t\t<div class=\"elementor-widget-wrap elementor-element-populated\">\n\t\t\t\t\t\t<div class=\"elementor-element elementor-element-4b69b77 e-transform elementor-widget elementor-widget-books\" data-id=\"4b69b77\" data-element_type=\"widget\" data-e-type=\"widget\" data-settings=\"{&quot;_transform_translateX_effect_hover&quot;:{&quot;unit&quot;:&quot;px&quot;,&quot;size&quot;:0,&quot;sizes&quot;:[]},&quot;_transform_translateX_effect_hover_tablet&quot;:{&quot;unit&quot;:&quot;px&quot;,&quot;size&quot;:&quot;&quot;,&quot;sizes&quot;:[]},&quot;_transform_translateX_effect_hover_mobile&quot;:{&quot;unit&quot;:&quot;px&quot;,&quot;size&quot;:&quot;&quot;,&quot;sizes&quot;:[]},&quot;_transform_translateY_effect_hover&quot;:{&quot;unit&quot;:&quot;px&quot;,&quot;size&quot;:&quot;&quot;,&quot;sizes&quot;:[]},&quot;_transform_translateY_effect_hover_tablet&quot;:{&quot;unit&quot;:&quot;px&quot;,&quot;size&quot;:&quot;&quot;,&quot;sizes&quot;:[]},&quot;_transform_translateY_effect_hover_mobile&quot;:{&quot;unit&quot;:&quot;px&quot;,&quot;size&quot;:&quot;&quot;,&quot;sizes&quot;:[]}}\" data-widget_type=\"books.default\">\n\t\t\t\t<div class=\"elementor-widget-container\">\n\t\t\t\t\t<div class=\"sabbi-book_timeline-segment\">\n                    <ul class=\"sabbi-book_timeline list-unstyled\"><li><span class=\"year\">2024<\/span><ul class=\"book-list list-unstyled\"><li>\n                                    <figure><img fetchpriority=\"high\" decoding=\"async\" width=\"827\" height=\"1246\" src=\"https:\/\/repdem.org\/wp-content\/uploads\/2025\/01\/978-3-031-69347-2.webp\" class=\"img-responsive\" alt=\"\" \/><\/figure>\n                                    <div class=\"book-list-meta\">\n                                        <h3 class=\"book-list-title\"><a href=\"https:\/\/doi.org\/10.1007\/978-3-031-69347-2\" target=\"_blank\"><p style=\"margin: 0px 20px 0px\">New developments in the study of coalition governments<\/p><\/a> <\/h3>\n                                        <div class=\"book-list-brand\"><em> <p style=\"margin: 0px 20px 0px\"> This book clarifies a number of concepts too often taken for granted in the existing literature, performs theoretically-driven and methodologically novel comparative studies of the effects of institutions on coalition formation, revisits old empirical puzzles, provides seminal analyses of how party leaders combine coalition governance solutions to anticipate risks pertaining to multiparty governing, and confronts coalition theories to new empirical terrains. <\/p><\/em><\/div>\n                                        <p class=\"book-author\">\u00a0 \u00a0 \u00a0 Patrick Dumond, Bernard Grofman, Torbj\u00f6rn Bergman, Tom Louwerse<\/p>\n                                    <\/div>\n                                <\/li><li>\n                                    <figure><img decoding=\"async\" width=\"350\" height=\"536\" src=\"https:\/\/repdem.org\/wp-content\/uploads\/2023\/12\/R_ceebook2024.jpg\" class=\"img-responsive\" alt=\"\" \/><\/figure>\n                                    <div class=\"book-list-meta\">\n                                        <h3 class=\"book-list-title\"><a href=\"https:\/\/doi.org\/10.4324\/9781003328483\" target=\"_blank\"><p style=\"margin: 0px 20px 0px\">Coalition Politics in Central Eastern Europe<\/p><\/a> <\/h3>\n                                        <div class=\"book-list-brand\"><em> <p style=\"margin: 0px 20px 0px\">The volume brings the study of coalitions and coalition governance in Central and Eastern European democracies up to date, with insights from experts on party politics and coalition studies from their respective countries, with chapters on Bulgaria, Czechia, Estonia, Hungary, Latvia, Lithuania, Poland, Romania, Slovakia, and Slovenia.. <\/p><\/em><\/div>\n                                        <p class=\"book-author\">\u00a0 \u00a0 \u00a0 Torbj\u00f6rn Bergman, Gabriella Ilonszki, Johan Hellstr\u00f6m<\/p>\n                                    <\/div>\n                                <\/li><\/ul><\/li><li><span class=\"year\">2021<\/span><ul class=\"book-list list-unstyled\"><li>\n                                    <figure><img decoding=\"async\" width=\"742\" height=\"1053\" src=\"https:\/\/repdem.org\/wp-content\/uploads\/2025\/01\/Skarmbild-2025-01-10-141800.png\" class=\"img-responsive\" alt=\"\" \/><\/figure>\n                                    <div class=\"book-list-meta\">\n                                        <h3 class=\"book-list-title\"><a href=\"https:\/\/snsse.cdn.triggerfish.cloud\/uploads\/2021\/03\/demokratiradets-rapport-2021-polarisering-i-sverige.pdf\" target=\"_blank\">\u00a0 \u00a0 \u00a0Demokratir\u00e5dets rapport 2021: Polarisering i Sverige<\/a> <\/h3>\n                                        <div class=\"book-list-brand\"><em> <p style=\"margin: 0px 20px 0px\"> I rapporten unders\u00f6ks den ideologiska polariseringens omfattning i Sverige. Utifr\u00e5n ett trettiotal indikatorer analyseras graden av ideologisk polarisering \u00f6ver tid och j\u00e4mf\u00f6rs med andra l\u00e4nder. Fokus  ligger p\u00e5 ideologisk polarisering bland n\u00e5gra av demokratins viktigaste akt\u00f6rer: partier, medborgare, f\u00f6rtroendevalda och medier. <\/p><\/em><\/div>\n                                        <p class=\"book-author\">\u00a0 \u00a0 \u00a0 Henrik Oscarsson, Torbj\u00f6rn Bergman, Annika Bergstr\u00f6m, Johan Hellstr\u00f6m<\/p>\n                                    <\/div>\n                                <\/li><li>\n                                    <figure><img loading=\"lazy\" decoding=\"async\" width=\"358\" height=\"550\" src=\"https:\/\/repdem.org\/wp-content\/uploads\/2021\/01\/9780198868484-1.jpg\" class=\"img-responsive\" alt=\"\" \/><\/figure>\n                                    <div class=\"book-list-meta\">\n                                        <h3 class=\"book-list-title\"><a href=\"https:\/\/doi.org\/10.1093\/oso\/9780198868484.001.0001\" target=\"_blank\"><p style=\"margin: 0px 20px 0px\">Coalition Governance in Western Europe<\/p><\/a> <\/h3>\n                                        <div class=\"book-list-brand\"><em> <p style=\"margin: 0px 20px 0px\">Provides a dynamic analysis of the full coalition life cycle. The work includes in-depth country studies on the politics of government coalitions in 16 democracies in Western Europe and Croatia. The combination of systematic data and in-depth country analysis provides an unprecedented wealth of information, both about Western Europe and about politics in individual countries. <\/p><\/em><\/div>\n                                        <p class=\"book-author\">&nbsp; &nbsp; &nbsp; Torbj\u00f6rn Bergman, Hanna Back, Johan Hellstr\u00f6m<\/p>\n                                    <\/div>\n                                <\/li><\/ul><\/li><li><span class=\"year\">2020<\/span><ul class=\"book-list list-unstyled\"><li>\n                                    <figure><img loading=\"lazy\" decoding=\"async\" width=\"1931\" height=\"2556\" src=\"https:\/\/repdem.org\/wp-content\/uploads\/2020\/10\/134cover.jpg\" class=\"img-responsive\" alt=\"\" \/><\/figure>\n                                    <div class=\"book-list-meta\">\n                                        <h3 class=\"book-list-title\"><a href=\"https:\/\/umu.diva-portal.org\/smash\/get\/diva2:1476976\/FULLTEXT01.pdf\" target=\"_blank\"><p style=\"margin: 0px 20px 0px\">134 dagar<\/p><\/a> <\/h3>\n                                        <div class=\"book-list-brand\"><em> <p style=\"margin: 0px 20px 0px\">Efter valet 2018 dr\u00f6jde det 134 dagar innan Sverige fick en ny regering. Den bestod av samma partier och hade samma statsminister som den f\u00f6rra. Varf\u00f6r blev det s\u00e5? Och varf\u00f6r tog det s\u00e5 l\u00e5ng tid? Var det regelverkets fel? <\/p><\/em><\/div>\n                                        <p class=\"book-author\">\u00a0 \u00a0 \u00a0 Jan Teorell, Hanna B\u00e4ck, Johan Hellstr\u00f6m, Johannes Lindvall<\/p>\n                                    <\/div>\n                                <\/li><\/ul><\/li><li><span class=\"year\">2019<\/span><ul class=\"book-list list-unstyled\"><li>\n                                    <figure><img loading=\"lazy\" decoding=\"async\" width=\"364\" height=\"550\" src=\"https:\/\/repdem.org\/wp-content\/uploads\/2023\/01\/9780198844372.jpg\" class=\"img-responsive\" alt=\"\" \/><\/figure>\n                                    <div class=\"book-list-meta\">\n                                        <h3 class=\"book-list-title\"><a href=\"https:\/\/global.oup.com\/academic\/product\/coalition-governance-in-central-eastern-europe-9780198844372?cc=se&#038;lang=en&#038;\" target=\"_blank\"><p style=\"margin: 0px 20px 0px\">Coalition Governance in Central Eastern Europe<\/p><\/a> <\/h3>\n                                        <div class=\"book-list-brand\"><em> <p style=\"margin: 0px 20px 0px\">The most comprehensive empirical analysis of coalition politics in Eastern Europe.Features in-depth country studies on the politics of government coalitions in ten new democracies in Central Eastern Europe. Develops some of the concepts presented in the acclaimed Coalition Governments in Western Europe. <\/p>\r\n<\/em><\/div>\n                                        <p class=\"book-author\">&nbsp; &nbsp; &nbsp; Torbj\u00f6rn Bergman, Gabriella Ilonszki, Wolfgang C. M\u00fcller<\/p>\n                                    <\/div>\n                                <\/li><\/ul><\/li><li><span class=\"year\">2012<\/span><ul class=\"book-list list-unstyled\"><li>\n                                    <figure><img loading=\"lazy\" decoding=\"async\" width=\"350\" height=\"524\" src=\"https:\/\/repdem.org\/wp-content\/uploads\/2023\/01\/9781138110861.jpg\" class=\"img-responsive\" alt=\"\" \/><\/figure>\n                                    <div class=\"book-list-meta\">\n                                        <h3 class=\"book-list-title\"><a href=\"https:\/\/www.routledge.com\/Parliamentary-Roles-in-Modern-Legislatures\/Blomgren-Rozenberg\/p\/book\/9781138110861\" target=\"_blank\"><p style=\"margin: 0px 20px 0px\">Parliamentary Roles in Modern Legislatures<\/p><\/a> <\/h3>\n                                        <div class=\"book-list-brand\"><em> <p style=\"margin: 0px 20px 0px\">This book gathers the most influential authors on role research and legislative studies to examine the different roles that MPs are playing in modern-day legislatures. It provides a comprehensive and critical overview of current research on legislative roles, summarises previous research, presents a large variety of methodological approaches and also explores the latest developing approaches to role theory.<\/p><\/em><\/div>\n                                        <p class=\"book-author\">&nbsp; &nbsp; &nbsp; Magnus Blomgren, Olivier Rozenberg<\/p>\n                                    <\/div>\n                                <\/li><\/ul><\/li><li><span class=\"year\">2011<\/span><ul class=\"book-list list-unstyled\"><li>\n                                    <figure><img loading=\"lazy\" decoding=\"async\" width=\"343\" height=\"500\" src=\"https:\/\/repdem.org\/wp-content\/uploads\/2023\/01\/9780472117475.jpg\" class=\"img-responsive\" alt=\"\" \/><\/figure>\n                                    <div class=\"book-list-meta\">\n                                        <h3 class=\"book-list-title\"><a href=\"https:\/\/www.press.umich.edu\/312561\/madisonian_turn\" target=\"_blank\"><p style=\"margin: 0px 20px 0px\">The Madisonian Turn &#8211; Political Parties and Parliamentary Democracy in Nordic Europe<\/p><\/a> <\/h3>\n                                        <div class=\"book-list-brand\"><em> <p style=\"margin: 0px 20px 0px\">The authors find that the Nordic states have moved away from their previous resemblance to a Westminster model toward a form of parliamentary democracy with more separation-of-powers features\u2014a Madisonian model. These features are evident both in vertical power relations (e.g., relations with the European Union) and horizontal ones (e.g., increasingly independent courts and central banks). Yet these developments are far from uniform and demonstrate that there may be different responses to the political challenges faced by contemporary Western democracies.<\/p><\/em><\/div>\n                                        <p class=\"book-author\">&nbsp; &nbsp; &nbsp; Torbj\u00f6rn Bergman, Kaare Str\u00f8m<\/p>\n                                    <\/div>\n                                <\/li><\/ul><\/li><li><span class=\"year\">2008<\/span><ul class=\"book-list list-unstyled\"><li>\n                                    <figure><img loading=\"lazy\" decoding=\"async\" width=\"368\" height=\"550\" src=\"https:\/\/repdem.org\/wp-content\/uploads\/2023\/01\/9780199587490.jpg\" class=\"img-responsive\" alt=\"\" \/><\/figure>\n                                    <div class=\"book-list-meta\">\n                                        <h3 class=\"book-list-title\"><a href=\"https:\/\/global.oup.com\/academic\/product\/cabinets-and-coalition-bargaining-9780199587490?cc=se&#038;lang=en&#038;\" target=\"_blank\"><p style=\"margin: 0px 20px 0px\">Cabinets and coalition bargaining\u202f: The democratic life cycle in Western Europe<\/p><\/a> <\/h3>\n                                        <div class=\"book-list-brand\"><em> <p style=\"margin: 0px 20px 0px\">Most comprehensive analysis of coalition politics to date. New approach to the conceptual understanding of coalition politics.<\/p><\/em><\/div>\n                                        <p class=\"book-author\">&nbsp; &nbsp; &nbsp; Kaare Str\u00f8m, Wolfgang C. M\u00fcller, Torbj\u00f6rn Bergman<\/p>\n                                    <\/div>\n                                <\/li><\/ul><\/li><li><span class=\"year\">2003<\/span><ul class=\"book-list list-unstyled\"><li>\n                                    <figure><img loading=\"lazy\" decoding=\"async\" width=\"856\" height=\"1360\" src=\"https:\/\/repdem.org\/wp-content\/uploads\/2023\/01\/6113WHA-ICL.jpg\" class=\"img-responsive\" alt=\"\" \/><\/figure>\n                                    <div class=\"book-list-meta\">\n                                        <h3 class=\"book-list-title\"><a href=\"https:\/\/academic.oup.com\/book\/36207\" target=\"_blank\"><p style=\"margin: 0px 20px 0px\">Delegation and Accountability in Parliamentary Democracies<\/p><\/a> <\/h3>\n                                        <div class=\"book-list-brand\"><em> <p style=\"margin: 0px 20px 0px\">This is the most ambitious and comprehensive account of the institutions of democratic delegation in West European parliamentary democracies to date. It provides an unprecedented cross-national investigation of West European political institutions from 1945 until the present day, as well as situating modern parliamentary democracy in the context of changing political parties and the growing importance of the European Union.\r\n\r\nThis empirical investigation includes all 17 West European parliamentary democracies. These countries are compared in a series of cross-national tables and figures, and 17 country chapters provide a wealth of information on four discrete stages in the delegation process: delegation from voters to parliamentary representatives, delegation from parliament to the prime minister and cabinet, delegation within the cabinet, and delegation from cabinet ministers to civil servants.<\/p><\/em><\/div>\n                                        <p class=\"book-author\">&nbsp; &nbsp; &nbsp; Kaare Str\u00f8m, Wolfgang C. M\u00fcller, Torbj\u00f6rn Bergman<\/p>\n                                    <\/div>\n                                <\/li><\/ul><\/li><li><span class=\"year\">2000<\/span><ul class=\"book-list list-unstyled\"><li>\n                                    <figure><img loading=\"lazy\" decoding=\"async\" width=\"364\" height=\"550\" src=\"https:\/\/repdem.org\/wp-content\/uploads\/2023\/02\/9780198297611.jpg\" class=\"img-responsive\" alt=\"\" \/><\/figure>\n                                    <div class=\"book-list-meta\">\n                                        <h3 class=\"book-list-title\"><a href=\"https:\/\/global.oup.com\/academic\/product\/coalition-governments-in-western-europe-9780198297611?cc=us&#038;lang=en&#038;\" target=\"_blank\"><p style=\"margin: 0px 20px 0px\">Coalition Governments in Western Europe<\/p><\/a> <\/h3>\n                                        <div class=\"book-list-brand\"><em> <p style=\"margin: 0px 20px 0px\">The project\u2019s first publication about coalition bargaining (M\u00fcller and Str\u00f8m, 2000, 2003), provides an up-to-date account of central issues in coalition politics in the tradition of volumes edited by Browne and Dreijmanis (1982), Bogdanor (1983) and Pridham (1986). However, the scope of the research presented in Coalition Governments in Western Europe also goes beyond these previous works. Our efforts have been heavily influenced by new theoretical concerns, especially the interaction between the different stages in coalitional bargaining. On a country-by-county basis, this volume systematically links government formation to the other aspects of coalition governance. <\/p><\/em><\/div>\n                                        <p class=\"book-author\">&nbsp; &nbsp; &nbsp; Wolfgang C. M\u00fcller, Kaare Str\u00f8m<\/p>\n                                    <\/div>\n                                <\/li><\/ul><\/li><\/ul><\/div>\t\t\t\t<\/div>\n\t\t\t\t<\/div>\n\t\t\t\t\t<\/div>\n\t\t<\/div>\n\t\t\t\t\t<\/div>\n\t\t<\/section>\n\t\t\t\t<\/div>\n\t\t","protected":false},"excerpt":{"rendered":"<p>2021 Coalition Governance in Western Europe Provides a dynamic analysis of the full coalition life cycle. The work includes in-depth country studies on the politics of government coalitions in 16 democracies in Western Europe and Croatia. The combination of systematic data and in-depth country analysis provides an unprecedented wealth of information, both about Western Europe [&hellip;]<\/p>\n","protected":false},"author":2,"featured_media":2407,"parent":0,"menu_order":0,"comment_status":"closed","ping_status":"closed","template":"","meta":{"_monsterinsights_skip_tracking":false,"_monsterinsights_sitenote_active":false,"_monsterinsights_sitenote_note":"","_monsterinsights_sitenote_category":0,"footnotes":""},"class_list":["post-2406","page","type-page","status-publish","has-post-thumbnail","hentry"],"aioseo_notices":[],"guten_post_layout_featured_media_urls":{"full":["https:\/\/repdem.org\/wp-content\/uploads\/2022\/03\/conf_talk-2.jpeg",1923,450,false],"thumbnail":["https:\/\/repdem.org\/wp-content\/uploads\/2022\/03\/conf_talk-2-150x150.jpeg",150,150,true],"medium":["https:\/\/repdem.org\/wp-content\/uploads\/2022\/03\/conf_talk-2-300x70.jpeg",300,70,true],"medium_large":["https:\/\/repdem.org\/wp-content\/uploads\/2022\/03\/conf_talk-2-768x180.jpeg",640,150,true],"large":["https:\/\/repdem.org\/wp-content\/uploads\/2022\/03\/conf_talk-2-1024x240.jpeg",640,150,true],"1536x1536":["https:\/\/repdem.org\/wp-content\/uploads\/2022\/03\/conf_talk-2-1536x359.jpeg",1536,359,true],"2048x2048":["https:\/\/repdem.org\/wp-content\/uploads\/2022\/03\/conf_talk-2.jpeg",1923,450,false],"newspack-article-block-landscape-large":["https:\/\/repdem.org\/wp-content\/uploads\/2022\/03\/conf_talk-2.jpeg",1200,281,false],"newspack-article-block-portrait-large":["https:\/\/repdem.org\/wp-content\/uploads\/2022\/03\/conf_talk-2.jpeg",900,211,false],"newspack-article-block-square-large":["https:\/\/repdem.org\/wp-content\/uploads\/2022\/03\/conf_talk-2.jpeg",1200,281,false],"newspack-article-block-landscape-medium":["https:\/\/repdem.org\/wp-content\/uploads\/2022\/03\/conf_talk-2.jpeg",800,187,false],"newspack-article-block-portrait-medium":["https:\/\/repdem.org\/wp-content\/uploads\/2022\/03\/conf_talk-2.jpeg",600,140,false],"newspack-article-block-square-medium":["https:\/\/repdem.org\/wp-content\/uploads\/2022\/03\/conf_talk-2.jpeg",800,187,false],"newspack-article-block-landscape-intermediate":["https:\/\/repdem.org\/wp-content\/uploads\/2022\/03\/conf_talk-2.jpeg",600,140,false],"newspack-article-block-portrait-intermediate":["https:\/\/repdem.org\/wp-content\/uploads\/2022\/03\/conf_talk-2.jpeg",450,105,false],"newspack-article-block-square-intermediate":["https:\/\/repdem.org\/wp-content\/uploads\/2022\/03\/conf_talk-2.jpeg",600,140,false],"newspack-article-block-landscape-small":["https:\/\/repdem.org\/wp-content\/uploads\/2022\/03\/conf_talk-2.jpeg",400,94,false],"newspack-article-block-portrait-small":["https:\/\/repdem.org\/wp-content\/uploads\/2022\/03\/conf_talk-2.jpeg",300,70,false],"newspack-article-block-square-small":["https:\/\/repdem.org\/wp-content\/uploads\/2022\/03\/conf_talk-2.jpeg",400,94,false],"newspack-article-block-landscape-tiny":["https:\/\/repdem.org\/wp-content\/uploads\/2022\/03\/conf_talk-2.jpeg",200,47,false],"newspack-article-block-portrait-tiny":["https:\/\/repdem.org\/wp-content\/uploads\/2022\/03\/conf_talk-2.jpeg",150,35,false],"newspack-article-block-square-tiny":["https:\/\/repdem.org\/wp-content\/uploads\/2022\/03\/conf_talk-2.jpeg",200,47,false],"newspack-article-block-uncropped":["https:\/\/repdem.org\/wp-content\/uploads\/2022\/03\/conf_talk-2.jpeg",1200,281,false],"guten_post_layout_landscape_large":["https:\/\/repdem.org\/wp-content\/uploads\/2022\/03\/conf_talk-2-1200x450.jpeg",1200,450,true],"guten_post_layout_portrait_large":["https:\/\/repdem.org\/wp-content\/uploads\/2022\/03\/conf_talk-2-1200x450.jpeg",1200,450,true],"guten_post_layout_square_large":["https:\/\/repdem.org\/wp-content\/uploads\/2022\/03\/conf_talk-2-1200x450.jpeg",1200,450,true],"guten_post_layout_landscape":["https:\/\/repdem.org\/wp-content\/uploads\/2022\/03\/conf_talk-2-600x400.jpeg",600,400,true],"guten_post_layout_portrait":["https:\/\/repdem.org\/wp-content\/uploads\/2022\/03\/conf_talk-2-600x450.jpeg",600,450,true],"guten_post_layout_square":["https:\/\/repdem.org\/wp-content\/uploads\/2022\/03\/conf_talk-2-600x450.jpeg",600,450,true],"academix-single-team-thumb":["https:\/\/repdem.org\/wp-content\/uploads\/2022\/03\/conf_talk-2-360x270.jpeg",360,270,true],"academix-team-thumbnail":["https:\/\/repdem.org\/wp-content\/uploads\/2022\/03\/conf_talk-2-263x216.jpeg",263,216,true],"academix-event-thumbnail":["https:\/\/repdem.org\/wp-content\/uploads\/2022\/03\/conf_talk-2-555x370.jpeg",555,370,true],"academix-event-gallery-thumb":["https:\/\/repdem.org\/wp-content\/uploads\/2022\/03\/conf_talk-2-227x168.jpeg",227,168,true],"academix-blog-thumb":["https:\/\/repdem.org\/wp-content\/uploads\/2022\/03\/conf_talk-2-100x80.jpeg",100,80,true]},"jetpack_sharing_enabled":true,"_links":{"self":[{"href":"https:\/\/repdem.org\/index.php\/wp-json\/wp\/v2\/pages\/2406","targetHints":{"allow":["GET"]}}],"collection":[{"href":"https:\/\/repdem.org\/index.php\/wp-json\/wp\/v2\/pages"}],"about":[{"href":"https:\/\/repdem.org\/index.php\/wp-json\/wp\/v2\/types\/page"}],"author":[{"embeddable":true,"href":"https:\/\/repdem.org\/index.php\/wp-json\/wp\/v2\/users\/2"}],"replies":[{"embeddable":true,"href":"https:\/\/repdem.org\/index.php\/wp-json\/wp\/v2\/comments?post=2406"}],"version-history":[{"count":16,"href":"https:\/\/repdem.org\/index.php\/wp-json\/wp\/v2\/pages\/2406\/revisions"}],"predecessor-version":[{"id":3527,"href":"https:\/\/repdem.org\/index.php\/wp-json\/wp\/v2\/pages\/2406\/revisions\/3527"}],"wp:featuredmedia":[{"embeddable":true,"href":"https:\/\/repdem.org\/index.php\/wp-json\/wp\/v2\/media\/2407"}],"wp:attachment":[{"href":"https:\/\/repdem.org\/index.php\/wp-json\/wp\/v2\/media?parent=2406"}],"curies":[{"name":"wp","href":"https:\/\/api.w.org\/{rel}","templated":true}]}}